{"id":196,"date":"2013-05-06T10:49:52","date_gmt":"2013-05-06T08:49:52","guid":{"rendered":"http:\/\/neu.fausto-fadda.de\/?page_id=196"},"modified":"2013-05-06T10:57:22","modified_gmt":"2013-05-06T08:57:22","slug":"sardische-spezialitaeten","status":"publish","type":"page","link":"https:\/\/fausto-fadda.de\/en\/galerie\/sardische-spezialitaeten\/","title":{"rendered":"Sardische Spezialit\u00e4ten"},"content":{"rendered":"<p>Bei uns k\u00f6nnen Sie original sardische Spezialit\u00e4ten einkaufen, vor Ort verzehren oder sich zu einer Veranstaltung liefern lassen.<\/p>\n<\/div><\/div><\/div><\/div><\/div>\n   <div class=\"container-fluid\">\n   <div class=\"col-md-12\" style=\"padding: 10px;\">\n\t<div class=\"row grid\"><div class=\"col-lg-4 col-md-6 col-sm-12 col-xs-12 grid-item\" style=\"padding: 5px;\"><img decoding=\"async\" src=\"https:\/\/fausto-fadda.de\/wp-content\/uploads\/img_0471.jpg\" style=\"width: 100%; height: auto;\"><\/div><div class=\"col-lg-4 col-md-6 col-sm-12 col-xs-12 grid-item\" style=\"padding: 5px;\"><img decoding=\"async\" src=\"https:\/\/fausto-fadda.de\/wp-content\/uploads\/img_0476.jpg\" style=\"width: 100%; height: auto;\"><\/div><div class=\"col-lg-4 col-md-6 col-sm-12 col-xs-12 grid-item\" style=\"padding: 5px;\"><img decoding=\"async\" src=\"https:\/\/fausto-fadda.de\/wp-content\/uploads\/img_0764.jpg\" style=\"width: 100%; height: auto;\"><\/div><div class=\"col-lg-4 col-md-6 col-sm-12 col-xs-12 grid-item\" style=\"padding: 5px;\"><img decoding=\"async\" src=\"https:\/\/fausto-fadda.de\/wp-content\/uploads\/img_0765.jpg\" style=\"width: 100%; height: auto;\"><\/div><div class=\"col-lg-4 col-md-6 col-sm-12 col-xs-12 grid-item\" style=\"padding: 5px;\"><img decoding=\"async\" src=\"https:\/\/fausto-fadda.de\/wp-content\/uploads\/img_0768.jpg\" style=\"width: 100%; height: auto;\"><\/div><div class=\"col-lg-4 col-md-6 col-sm-12 col-xs-12 grid-item\" style=\"padding: 5px;\"><img decoding=\"async\" src=\"https:\/\/fausto-fadda.de\/wp-content\/uploads\/img_0774.jpg\" style=\"width: 100%; height: auto;\"><\/div><div class=\"col-lg-4 col-md-6 col-sm-12 col-xs-12 grid-item\" style=\"padding: 5px;\"><img decoding=\"async\" src=\"https:\/\/fausto-fadda.de\/wp-content\/uploads\/img_0777.jpg\" style=\"width: 100%; height: auto;\"><\/div><div class=\"col-lg-4 col-md-6 col-sm-12 col-xs-12 grid-item\" style=\"padding: 5px;\"><img decoding=\"async\" src=\"https:\/\/fausto-fadda.de\/wp-content\/uploads\/img_0780.jpg\" style=\"width: 100%; height: auto;\"><\/div><div class=\"col-lg-4 col-md-6 col-sm-12 col-xs-12 grid-item\" style=\"padding: 5px;\"><img decoding=\"async\" src=\"https:\/\/fausto-fadda.de\/wp-content\/uploads\/img_0781.jpg\" style=\"width: 100%; height: auto;\"><\/div><div class=\"col-lg-4 col-md-6 col-sm-12 col-xs-12 grid-item\" style=\"padding: 5px;\"><img decoding=\"async\" src=\"https:\/\/fausto-fadda.de\/wp-content\/uploads\/img_0782.jpg\" style=\"width: 100%; height: auto;\"><\/div><div class=\"col-lg-4 col-md-6 col-sm-12 col-xs-12 grid-item\" style=\"padding: 5px;\"><img decoding=\"async\" src=\"https:\/\/fausto-fadda.de\/wp-content\/uploads\/img_0784.jpg\" style=\"width: 100%; height: auto;\"><\/div><\/div><\/div><\/div>\n    \n    <div class=\"wrapper\">\n<div class=\"container-fluid\">\n\n","protected":false},"excerpt":{"rendered":"<p>Bei uns k\u00f6nnen Sie original sardische Spezialit\u00e4ten einkaufen, vor Ort verzehren oder sich zu einer Veranstaltung liefern lassen.<\/p>\n","protected":false},"author":1,"featured_media":0,"parent":118,"menu_order":3,"comment_status":"closed","ping_status":"closed","template":"","meta":{"_acf_changed":false,"sticky_value_cpt":false,"footnotes":""},"class_list":["post-196","page","type-page","status-publish","hentry"],"acf":[],"_links":{"self":[{"href":"https:\/\/fausto-fadda.de\/en\/wp-json\/wp\/v2\/pages\/196","targetHints":{"allow":["GET"]}}],"collection":[{"href":"https:\/\/fausto-fadda.de\/en\/wp-json\/wp\/v2\/pages"}],"about":[{"href":"https:\/\/fausto-fadda.de\/en\/wp-json\/wp\/v2\/types\/page"}],"author":[{"embeddable":true,"href":"https:\/\/fausto-fadda.de\/en\/wp-json\/wp\/v2\/users\/1"}],"replies":[{"embeddable":true,"href":"https:\/\/fausto-fadda.de\/en\/wp-json\/wp\/v2\/comments?post=196"}],"version-history":[{"count":0,"href":"https:\/\/fausto-fadda.de\/en\/wp-json\/wp\/v2\/pages\/196\/revisions"}],"up":[{"embeddable":true,"href":"https:\/\/fausto-fadda.de\/en\/wp-json\/wp\/v2\/pages\/118"}],"wp:attachment":[{"href":"https:\/\/fausto-fadda.de\/en\/wp-json\/wp\/v2\/media?parent=196"}],"curies":[{"name":"wp","href":"https:\/\/api.w.org\/{rel}","templated":true}]}}