{"id":993,"date":"2025-06-10T15:27:58","date_gmt":"2025-06-10T13:27:58","guid":{"rendered":"http:\/\/neu.fausto-fadda.de\/?page_id=993"},"modified":"2025-08-16T19:21:33","modified_gmt":"2025-08-16T17:21:33","slug":"gaestestimmen","status":"publish","type":"page","link":"https:\/\/fausto-fadda.de\/en\/gaestestimmen\/","title":{"rendered":"G\u00e4stestimmen"},"content":{"rendered":"<p>Lesen Sie hier, wie es unseren G\u00e4sten gef\u00e4llt!<\/p>\n<p>&nbsp;<\/p>\n<blockquote><p>Liebe Frau Fadda, liebes Team<br \/>\nes war wirklich gro\u00dfartig und ein voller Erfolg gestern an meinem Geburtstag!<br \/>\nIhr Angebot war goldrichtig und alle waren mega begeistert! Alles reichhaltig,<br \/>\nabwechslungsreich und suuuper lecker!<br \/>\nVielen herzlichen Dank daf\u00fcr!!!!!!<br \/>\nMit allerbesten Gr\u00fc\u00dfen<br \/>\nSusen R.<\/p><\/blockquote>\n<p>&nbsp;<\/p>\n<div class=\"page\" title=\"Page 1\">\n<div class=\"layoutArea\">\n<div class=\"column\">\n<blockquote><p>Wir haben gestern einen wunderbaren Abend in eurem Lokal verlebt. Das Essen war hervorragend, die Bedienung sehr liebenswert &#8211; alle unsere G\u00e4ste waren begeistert.<br \/>\nHerzlichen Dank an alle Beteiligten!<br \/>\nSigrid und Eckart H.<\/p>\n<p>&nbsp;<\/p><\/blockquote>\n<blockquote><p>Liebe Frau Fadda,<br \/>\nherzlichen Dank f\u00fcr alles. Es hat uns bei Ihnen wirklich richtig gut gefallen. Ich hab\u2019s schon allen gesagt: Als wir ankamen und noch drau\u00dfen standen, sah es drin so sch\u00f6n und gem\u00fctlich aus, dass ich dachte: Das ist das Restaurant, an dem heute alle vorbeigehen und sagen: Da drin w\u00e4re ich heute Abend gern dabei. Und genauso wie es von drau\u00dfen aussah ist es dann auch gewesen. Also nochmals vielen herzlichen Dank. Es hat uns bei Ihnen sehr gut gefallen. Es war genau die richtige Entscheidung, zu Ihnen zu kommen. Das haben auch alle G\u00e4ste best\u00e4tigt.<br \/>\nKai Uwe S.<\/p>\n<p>&nbsp;<\/p><\/blockquote>\n<p><img loading=\"lazy\" decoding=\"async\" class=\"alignnone wp-image-1071 size-large\" src=\"http:\/\/neu.fausto-fadda.de\/wp-content\/uploads\/gaestelob-707x1024.jpg\" alt=\"\" width=\"707\" height=\"1024\" srcset=\"https:\/\/fausto-fadda.de\/wp-content\/uploads\/gaestelob-707x1024.jpg 707w, https:\/\/fausto-fadda.de\/wp-content\/uploads\/gaestelob-171x248.jpg 171w, https:\/\/fausto-fadda.de\/wp-content\/uploads\/gaestelob-104x150.jpg 104w, https:\/\/fausto-fadda.de\/wp-content\/uploads\/gaestelob-768x1112.jpg 768w, https:\/\/fausto-fadda.de\/wp-content\/uploads\/gaestelob.jpg 1100w\" sizes=\"auto, (max-width: 707px) 100vw, 707px\" \/><\/p>\n<\/div>\n<\/div>\n<\/div>\n<p><\/p>","protected":false},"excerpt":{"rendered":"<p>Lesen Sie hier, wie es unseren G\u00e4sten gef\u00e4llt!<\/p>\n","protected":false},"author":1,"featured_media":1072,"parent":0,"menu_order":20,"comment_status":"closed","ping_status":"closed","template":"","meta":{"_acf_changed":false,"sticky_value_cpt":false,"footnotes":""},"class_list":["post-993","page","type-page","status-publish","has-post-thumbnail","hentry"],"acf":[],"_links":{"self":[{"href":"https:\/\/fausto-fadda.de\/en\/wp-json\/wp\/v2\/pages\/993","targetHints":{"allow":["GET"]}}],"collection":[{"href":"https:\/\/fausto-fadda.de\/en\/wp-json\/wp\/v2\/pages"}],"about":[{"href":"https:\/\/fausto-fadda.de\/en\/wp-json\/wp\/v2\/types\/page"}],"author":[{"embeddable":true,"href":"https:\/\/fausto-fadda.de\/en\/wp-json\/wp\/v2\/users\/1"}],"replies":[{"embeddable":true,"href":"https:\/\/fausto-fadda.de\/en\/wp-json\/wp\/v2\/comments?post=993"}],"version-history":[{"count":0,"href":"https:\/\/fausto-fadda.de\/en\/wp-json\/wp\/v2\/pages\/993\/revisions"}],"wp:featuredmedia":[{"embeddable":true,"href":"https:\/\/fausto-fadda.de\/en\/wp-json\/wp\/v2\/media\/1072"}],"wp:attachment":[{"href":"https:\/\/fausto-fadda.de\/en\/wp-json\/wp\/v2\/media?parent=993"}],"curies":[{"name":"wp","href":"https:\/\/api.w.org\/{rel}","templated":true}]}}