{"id":12,"date":"2012-09-27T11:28:51","date_gmt":"2012-09-27T09:28:51","guid":{"rendered":"http:\/\/neu.fausto-fadda.de\/neu\/?page_id=12"},"modified":"2025-05-13T10:28:35","modified_gmt":"2025-05-13T08:28:35","slug":"impressum","status":"publish","type":"page","link":"https:\/\/fausto-fadda.de\/it\/impressum\/","title":{"rendered":"Impronta"},"content":{"rendered":"<p><\/p>\n<h3><strong><img loading=\"lazy\" decoding=\"async\" class=\"alignright wp-image-1265 size-full\" src=\"https:\/\/fausto-fadda.de\/wp-content\/uploads\/erecht24-siegel-impressum-blau.png\" alt=\"\" width=\"120\" height=\"156\" srcset=\"https:\/\/fausto-fadda.de\/wp-content\/uploads\/erecht24-siegel-impressum-blau.png 120w, https:\/\/fausto-fadda.de\/wp-content\/uploads\/erecht24-siegel-impressum-blau-115x150.png 115w\" sizes=\"auto, (max-width: 120px) 100vw, 120px\" \/>Questo contenuto \u00e8 attualmente disponibile solo in tedesco.<\/strong><\/h3>\n<h3>Angaben gem\u00e4\u00df \u00a7 5 TMG<\/h3>\n<p><strong>Kontakt<\/strong><\/p>\n<p>Fausto Fadda<\/p>\n<div>Via Vittorio Emanuele 8<\/div>\n<div>08020 Loculi (NU)<\/div>\n<div>Sardinien<\/div>\n<div><\/div>\n<div>Telefon: 0039 3500731181 oder 0049 1729741072<\/div>\n<p>E-Mail: info@fausto-fadda.de<\/p>\n<div>Loculi<\/div>\n<div>IUN:<a href=\"http:\/\/www.iun-ras.eu\/F3785\">www.iun-ras.eu\/F3785<\/a><\/div>\n<div>C.I.N. IT 091040B4000F3785<\/div>\n<div>CIR : \u00a0 \u00a0 \u00a0091040B4000<\/div>\n<div><\/div>\n<div>Orosei<\/div>\n<div>IUN: <a href=\"http:\/\/www.jun-ras.eu\/F4101\">www.jun-ras.eu\/F4101<\/a><\/div>\n<div>C.I.N. IT 091063B4000F4101<\/div>\n<div>CIR: \u00a0 \u00a0 \u00a0 091063B4000<\/div>\n<p><strong>Steuernummer<\/strong><br \/>\nPartita IVA. 01671800918<\/p>\n<p><strong>Verantwortlich f\u00fcr den Inhalt nach \u00a7 55 Abs. 2 RStV<\/strong><\/p>\n<p>Fausto Fadda<\/p>\n<p><strong>Streitschlichtung<\/strong><\/p>\n<p>Die Europ\u00e4ische Kommission stellt eine Plattform zur Online-Streitbeilegung (OS) bereit: <a href=\"https:\/\/ec.europa.eu\/consumers\/odr\" target=\"_blank\" rel=\"noopener\">https:\/\/ec.europa.eu\/consumers\/odr<\/a>.<br \/>\nUnsere E-Mail-Adresse finden Sie oben im Impressum.<\/p>\n<p>Wir sind nicht bereit oder verpflichtet, an Streitbeilegungsverfahren vor einer Verbraucherschlichtungsstelle teilzunehmen.<\/p>\n<p><strong>Haftung f\u00fcr Inhalte<\/strong><\/p>\n<p>Als Diensteanbieter sind wir gem\u00e4\u00df \u00a7 7 Abs.1 TMG f\u00fcr eigene Inhalte auf diesen Seiten nach den allgemeinen Gesetzen verantwortlich. Nach \u00a7\u00a7 8 bis 10 TMG sind wir als Diensteanbieter jedoch nicht verpflichtet, \u00fcbermittelte oder gespeicherte fremde Informationen zu \u00fcberwachen oder nach Umst\u00e4nden zu forschen, die auf eine rechtswidrige T\u00e4tigkeit hinweisen.<\/p>\n<p>Verpflichtungen zur Entfernung oder Sperrung der Nutzung von Informationen nach den allgemeinen Gesetzen bleiben hiervon unber\u00fchrt. Eine diesbez\u00fcgliche Haftung ist jedoch erst ab dem Zeitpunkt der Kenntnis einer konkreten Rechtsverletzung m\u00f6glich. Bei Bekanntwerden von entsprechenden Rechtsverletzungen werden wir diese Inhalte umgehend entfernen.<\/p>\n<p><strong>Haftung f\u00fcr Links<\/strong><\/p>\n<p>Unser Angebot enth\u00e4lt Links zu externen Websites Dritter, auf deren Inhalte wir keinen Einfluss haben. Deshalb k\u00f6nnen wir f\u00fcr diese fremden Inhalte auch keine Gew\u00e4hr \u00fcbernehmen. F\u00fcr die Inhalte der verlinkten Seiten ist stets der jeweilige Anbieter oder Betreiber der Seiten verantwortlich. Die verlinkten Seiten wurden zum Zeitpunkt der Verlinkung auf m\u00f6gliche Rechtsverst\u00f6\u00dfe \u00fcberpr\u00fcft. Rechtswidrige Inhalte waren zum Zeitpunkt der Verlinkung nicht erkennbar.<\/p>\n<p>Eine permanente inhaltliche Kontrolle der verlinkten Seiten ist jedoch ohne konkrete Anhaltspunkte einer Rechtsverletzung nicht zumutbar. Bei Bekanntwerden von Rechtsverletzungen werden wir derartige Links umgehend entfernen.<\/p>\n<p><strong>Urheberrecht<\/strong><\/p>\n<p>Die durch die Seitenbetreiber erstellten Inhalte und Werke auf diesen Seiten unterliegen dem deutschen Urheberrecht. Die Vervielf\u00e4ltigung, Bearbeitung, Verbreitung und jede Art der Verwertung au\u00dferhalb der Grenzen des Urheberrechtes bed\u00fcrfen der schriftlichen Zustimmung des jeweiligen Autors bzw. Erstellers. Downloads und Kopien dieser Seite sind nur f\u00fcr den privaten, nicht kommerziellen Gebrauch gestattet.<\/p>\n<p>Soweit die Inhalte auf dieser Seite nicht vom Betreiber erstellt wurden, werden die Urheberrechte Dritter beachtet. Insbesondere werden Inhalte Dritter als solche gekennzeichnet. Sollten Sie trotzdem auf eine Urheberrechtsverletzung aufmerksam werden, bitten wir um einen entsprechenden Hinweis. Bei Bekanntwerden von Rechtsverletzungen werden wir derartige Inhalte umgehend entfernen.<\/p>\n<p><strong>Webdesign &amp; Programmierung<\/strong><br \/>\n<a href=\"https:\/\/claudia-berg.de\" target=\"_blank\" rel=\"noopener\">missing.media.solutions &#8211; Claudia Berg<\/a><\/p>","protected":false},"excerpt":{"rendered":"<p>Questo contenuto \u00e8 attualmente disponibile solo in tedesco. Angaben gem\u00e4\u00df \u00a7 5 TMG Kontakt Fausto Fadda Via Vittorio Emanuele 8 08020 Loculi (NU) Sardinien Telefon: 0039 3500731181 oder 0049 1729741072 E-Mail: info@fausto-fadda.de Loculi IUN:www.iun-ras.eu\/F3785 C.I.N. IT 091040B4000F3785 CIR : \u00a0 \u00a0 \u00a0091040B4000 Orosei IUN: www.jun-ras.eu\/F4101 C.I.N. IT 091063B4000F4101 CIR: \u00a0 \u00a0 \u00a0 091063B4000 Steuernummer Partita [&hellip;]<\/p>\n","protected":false},"author":1,"featured_media":1945,"parent":0,"menu_order":11,"comment_status":"open","ping_status":"open","template":"","meta":{"_acf_changed":false,"sticky_value_cpt":false,"footnotes":""},"class_list":["post-12","page","type-page","status-publish","has-post-thumbnail","hentry"],"acf":[],"_links":{"self":[{"href":"https:\/\/fausto-fadda.de\/it\/wp-json\/wp\/v2\/pages\/12","targetHints":{"allow":["GET"]}}],"collection":[{"href":"https:\/\/fausto-fadda.de\/it\/wp-json\/wp\/v2\/pages"}],"about":[{"href":"https:\/\/fausto-fadda.de\/it\/wp-json\/wp\/v2\/types\/page"}],"author":[{"embeddable":true,"href":"https:\/\/fausto-fadda.de\/it\/wp-json\/wp\/v2\/users\/1"}],"replies":[{"embeddable":true,"href":"https:\/\/fausto-fadda.de\/it\/wp-json\/wp\/v2\/comments?post=12"}],"version-history":[{"count":0,"href":"https:\/\/fausto-fadda.de\/it\/wp-json\/wp\/v2\/pages\/12\/revisions"}],"wp:featuredmedia":[{"embeddable":true,"href":"https:\/\/fausto-fadda.de\/it\/wp-json\/wp\/v2\/media\/1945"}],"wp:attachment":[{"href":"https:\/\/fausto-fadda.de\/it\/wp-json\/wp\/v2\/media?parent=12"}],"curies":[{"name":"wp","href":"https:\/\/api.w.org\/{rel}","templated":true}]}}