{"id":137,"date":"2013-02-21T15:30:12","date_gmt":"2013-02-21T13:30:12","guid":{"rendered":"http:\/\/neu.fausto-fadda.de\/?page_id=137"},"modified":"2013-05-06T10:49:13","modified_gmt":"2013-05-06T08:49:13","slug":"frisch-aus-sardinien","status":"publish","type":"page","link":"https:\/\/fausto-fadda.de\/it\/galerie\/frisch-aus-sardinien\/","title":{"rendered":"Frisch aus Sardinien"},"content":{"rendered":"<p>Der geb\u00fcrtige Sarde Fausto Fadda ist einen andere Art &#8220;Selbstversorger&#8221;: Die sardischen Sezialit\u00e4ten bringt er direkt und h\u00f6chstpers\u00f6nlich von Sardinien nach Hamburg.<\/p>\n<\/div><\/div><\/div><\/div><\/div>\n   <div class=\"container-fluid\">\n   <div class=\"col-md-12\" style=\"padding: 10px;\">\n\t<div class=\"row grid\"><div class=\"col-lg-4 col-md-6 col-sm-12 col-xs-12 grid-item\" style=\"padding: 5px;\"><img decoding=\"async\" src=\"https:\/\/fausto-fadda.de\/wp-content\/uploads\/fadda01.jpg\" style=\"width: 100%; height: auto;\"><\/div><div class=\"col-lg-4 col-md-6 col-sm-12 col-xs-12 grid-item\" style=\"padding: 5px;\"><img decoding=\"async\" src=\"https:\/\/fausto-fadda.de\/wp-content\/uploads\/fadda02.jpg\" style=\"width: 100%; height: auto;\"><\/div><div class=\"col-lg-4 col-md-6 col-sm-12 col-xs-12 grid-item\" style=\"padding: 5px;\"><img decoding=\"async\" src=\"https:\/\/fausto-fadda.de\/wp-content\/uploads\/fadda03.jpg\" style=\"width: 100%; height: auto;\"><\/div><div class=\"col-lg-4 col-md-6 col-sm-12 col-xs-12 grid-item\" style=\"padding: 5px;\"><img decoding=\"async\" src=\"https:\/\/fausto-fadda.de\/wp-content\/uploads\/fadda04.jpg\" style=\"width: 100%; height: auto;\"><\/div><\/div><\/div><\/div>\n    \n    <div class=\"wrapper\">\n<div class=\"container-fluid\">\n\n","protected":false},"excerpt":{"rendered":"<p>Der geb\u00fcrtige Sarde Fausto Fadda ist einen andere Art &#8220;Selbstversorger&#8221;: Die sardischen Sezialit\u00e4ten bringt er direkt und h\u00f6chstpers\u00f6nlich von Sardinien nach Hamburg.<\/p>\n","protected":false},"author":1,"featured_media":142,"parent":118,"menu_order":0,"comment_status":"closed","ping_status":"closed","template":"","meta":{"_acf_changed":false,"sticky_value_cpt":false,"footnotes":""},"class_list":["post-137","page","type-page","status-publish","has-post-thumbnail","hentry"],"acf":[],"_links":{"self":[{"href":"https:\/\/fausto-fadda.de\/it\/wp-json\/wp\/v2\/pages\/137","targetHints":{"allow":["GET"]}}],"collection":[{"href":"https:\/\/fausto-fadda.de\/it\/wp-json\/wp\/v2\/pages"}],"about":[{"href":"https:\/\/fausto-fadda.de\/it\/wp-json\/wp\/v2\/types\/page"}],"author":[{"embeddable":true,"href":"https:\/\/fausto-fadda.de\/it\/wp-json\/wp\/v2\/users\/1"}],"replies":[{"embeddable":true,"href":"https:\/\/fausto-fadda.de\/it\/wp-json\/wp\/v2\/comments?post=137"}],"version-history":[{"count":0,"href":"https:\/\/fausto-fadda.de\/it\/wp-json\/wp\/v2\/pages\/137\/revisions"}],"up":[{"embeddable":true,"href":"https:\/\/fausto-fadda.de\/it\/wp-json\/wp\/v2\/pages\/118"}],"wp:featuredmedia":[{"embeddable":true,"href":"https:\/\/fausto-fadda.de\/it\/wp-json\/wp\/v2\/media\/142"}],"wp:attachment":[{"href":"https:\/\/fausto-fadda.de\/it\/wp-json\/wp\/v2\/media?parent=137"}],"curies":[{"name":"wp","href":"https:\/\/api.w.org\/{rel}","templated":true}]}}