{"id":1876,"date":"2024-09-15T14:27:44","date_gmt":"2024-09-15T12:27:44","guid":{"rendered":"https:\/\/fausto-fadda.de\/?page_id=1876"},"modified":"2026-04-02T15:09:29","modified_gmt":"2026-04-02T13:09:29","slug":"granatapfelzimmer","status":"publish","type":"page","link":"https:\/\/fausto-fadda.de\/it\/urlaub-auf-sardinien\/granatapfelzimmer\/","title":{"rendered":"Stanza Melograno"},"content":{"rendered":"<p><\/p>\n<div>\n<h3>Stanza Melograno<\/h3>\n<p>I.U.N. F3785<\/p>\n<p>C.I.N.: IT091040B4000F3785<\/p>\n<\/div>\n<div>\n<p class=\"p1\">Di circa 20 mq con proprio bagno interno (nel bagno \u00e8 presente anche la finestra)<\/p>\n<ul>\n<li class=\"p1\">Letto matrimoniale 160 x 200 cm<\/li>\n<li class=\"p1\">Poltrona apribile 70 x 190 cm per 1 bambino<\/li>\n<li class=\"p1\">Armadio<\/li>\n<li class=\"p1\">Sedia pi\u00f9 tavolino<\/li>\n<li class=\"p1\">Doccia con parete in vetro<\/li>\n<li class=\"p1\">Lavabo, bidet e wc<\/li>\n<li class=\"p1\">Fono<\/li>\n<li class=\"p1\">Aria condizionata fredda e calda<\/li>\n<li class=\"p1\">Zanzariere anche in bagno<\/li>\n<li class=\"p1\">Asciugamani e biancheria da letto (cambio su richiesta)<\/li>\n<li class=\"p1\">Uso della lavatrice su richiesta<\/li>\n<li class=\"p1\">Stendino<\/li>\n<li class=\"p1\">Ingresso proprio attraverso la porta del giardino<\/li>\n<li class=\"p1\"><a href=\"https:\/\/fausto-fadda.de\/urlaub-auf-sardinien\/gemeinschaftskueche\/\">Cucina<\/a>, giardino e terrazza ad uso comune<\/li>\n<li class=\"p1\">Parcheggio per carico e scarico<\/li>\n<li>doccia esterna<\/li>\n<\/ul>\n<p class=\"p1\">Ingresso privato attraverso la porta del giardino.<\/p>\n<p class=\"p1\">ATTENZIONE: Non fumatori in tutta la dimora, no animali.<\/p>\n<p class=\"p1\">L&#8217;acqua per gli usi quotidiani proviene dal nostro pozzo. E`riempire l&#8217;acqua potabile a finche non si ha piu un consumo di plastica in casa.<br \/>\nProduciamo energia elettrica con un impianto fotovoltaico.<br \/>\nLa connessione Wi-Fi \u00e8 gratuita<br \/>\nLe camere sono adatte per 2 persone pi\u00f9 1 bambino (0-10anni)<\/p>\n<p class=\"p1\">Se viaggiate con pi\u00f9 adulti (dai 10 anni in su) o con pi\u00f9 bambini, \u00e8 necessario prenotare entrambe le camere e potrete anche utilizzare da soli la cucina in comune.<\/p>\n<p class=\"p1\">Prenotazione e prezzi sono attualmente <a href=\"https:\/\/fausto-fadda.de\/kontakt\">su richiesta<\/a>.<\/p>\n<p class=\"p1\"><a href=\"https:\/\/fausto-fadda.de\/urlaub-auf-sardinien\/zitronenzimmer\/\">Visualizza la stanza di limone<\/a><\/p>\n<div class=\"wpsbc-container wpsbc-calendar-2\" data-id=\"2\" data-show_title=\"1\" data-months_to_show=\"1\" data-start_weekday=\"1\" data-show_legend=\"1\" data-legend_position=\"side\" data-show_button_navigation=\"1\" data-show_selector_navigation=\"1\" data-show_week_numbers=\"0\" data-current_year=\"2026\" data-current_month=\"4\" data-jump_months=\"0\" data-highlight_today=\"1\" data-history=\"1\" data-show_tooltip=\"1\" data-language=\"it\" data-min_width=\"200\" data-max_width=\"380\" ><h2>Stanza Melograno<\/h2><div class=\"wpsbc-calendars-wrapper wpsbc-legend-position-side\"><div class=\"wpsbc-legend\"><div class=\"wpsbc-legend-item\"><div class=\"wpsbc-legend-item-icon wpsbc-legend-item-icon-6\" data-type=\"single\"><div class=\"wpsbc-legend-item-icon-color\" ><\/div><div class=\"wpsbc-legend-item-icon-color\" ><\/div><\/div><span class=wpsbc-legend-item-name>Available<\/span><\/div><div class=\"wpsbc-legend-item\"><div class=\"wpsbc-legend-item-icon wpsbc-legend-item-icon-7\" data-type=\"single\"><div class=\"wpsbc-legend-item-icon-color\" ><\/div><div class=\"wpsbc-legend-item-icon-color\" ><\/div><\/div><span class=wpsbc-legend-item-name>Booked<\/span><\/div><div class=\"wpsbc-legend-item\"><div class=\"wpsbc-legend-item-icon wpsbc-legend-item-icon-8\" data-type=\"split\"><div class=\"wpsbc-legend-item-icon-color\" ><svg height=\"100%\" width=\"100%\" viewBox=\"0 0 50 50\" preserveAspectRatio=\"none\"><polygon points=\"0,0 0,50 50,0\" \/><\/svg><\/div><div class=\"wpsbc-legend-item-icon-color\" ><svg height=\"100%\" width=\"100%\" viewBox=\"0 0 50 50\" preserveAspectRatio=\"none\"><polygon points=\"0,50 50,50 50,0\" \/><\/svg><\/div><\/div><span class=wpsbc-legend-item-name>Changeover 1<\/span><\/div><div class=\"wpsbc-legend-item\"><div class=\"wpsbc-legend-item-icon wpsbc-legend-item-icon-9\" data-type=\"split\"><div class=\"wpsbc-legend-item-icon-color\" ><svg height=\"100%\" width=\"100%\" viewBox=\"0 0 50 50\" preserveAspectRatio=\"none\"><polygon points=\"0,0 0,50 50,0\" \/><\/svg><\/div><div class=\"wpsbc-legend-item-icon-color\" ><svg height=\"100%\" width=\"100%\" viewBox=\"0 0 50 50\" preserveAspectRatio=\"none\"><polygon points=\"0,50 50,50 50,0\" \/><\/svg><\/div><\/div><span class=wpsbc-legend-item-name>Changeover 2<\/span><\/div><div class=\"wpsbc-legend-item\"><div class=\"wpsbc-legend-item-icon wpsbc-legend-item-icon-15\" data-type=\"single\"><div class=\"wpsbc-legend-item-icon-color\" ><\/div><div class=\"wpsbc-legend-item-icon-color\" ><\/div><\/div><span class=wpsbc-legend-item-name>Changeover<\/span><\/div><\/div><div class=\"wpsbc-calendars\"><div class=\"wpsbc-calendar wpsbc-calendar-month-4 wpsbc-calendar-year-2026\"><div class=\"wpsbc-calendar-header wpsbc-heading\"><div class=\"wpsbc-calendar-header-navigation\"><a href=\"#\" class=\"wpsbc-prev\" aria-label=\"Navigate to Previous Month\"><span class=\"wpsbc-arrow\"><\/span><\/a><div class=\"wpsbc-select-container\"><select aria-label=\"Month Selector\"><option value=\"1768435200\" >Gennaio 2026<\/option><option value=\"1771113600\" >Febbraio 2026<\/option><option value=\"1773532800\" >Marzo 2026<\/option><option value=\"1776211200\"  selected='selected'>Aprile 2026<\/option><option value=\"1778803200\" >Maggio 2026<\/option><option value=\"1781481600\" >Giugno 2026<\/option><option value=\"1784073600\" >Luglio 2026<\/option><option value=\"1786752000\" >Agosto 2026<\/option><option value=\"1789430400\" >Settembre 2026<\/option><option value=\"1792022400\" >Ottobre 2026<\/option><option value=\"1794700800\" >Novembre 2026<\/option><option value=\"1797292800\" >Dicembre 2026<\/option><option value=\"1799971200\" >Gennaio 2027<\/option><option value=\"1802649600\" >Febbraio 2027<\/option><option value=\"1805068800\" >Marzo 2027<\/option><option value=\"1807747200\" >Aprile 2027<\/option><\/select><\/div><a href=\"#\" class=\"wpsbc-next\" aria-label=\"Navigate to Next Month\"><span class=\"wpsbc-arrow\"><\/span><\/a><\/div><\/div><div class=\"wpsbc-calendar-wrapper\"><table><thead><tr><th>L<\/th><th>M<\/th><th>M<\/th><th>G<\/th><th>V<\/th><th>S<\/th><th>D<\/th><\/tr><\/thead><tbody><tr><td><div class=\"wpsbc-date   wpsbc-gap \" ><div class=\"wpsbc-date-inner\"><\/div><\/div><\/td><td><div class=\"wpsbc-date   wpsbc-gap \" ><div class=\"wpsbc-date-inner\"><\/div><\/div><\/td><td><div class=\"wpsbc-date wpsbc-legend-item-6   \" data-year=\"2026\" data-month=\"4\" data-day=\"1\"><div class=\"wpsbc-legend-item-icon wpsbc-legend-item-icon-6\" data-type=\"single\"><div class=\"wpsbc-legend-item-icon-color\" ><\/div><div class=\"wpsbc-legend-item-icon-color\" ><\/div><\/div><div class=\"wpsbc-date-inner\"><span class=\"wpsbc-date-number\">1<\/span><\/div><\/div><\/td><td><div class=\"wpsbc-date wpsbc-legend-item-6   \" data-year=\"2026\" data-month=\"4\" data-day=\"2\"><div class=\"wpsbc-legend-item-icon wpsbc-legend-item-icon-6\" data-type=\"single\"><div class=\"wpsbc-legend-item-icon-color\" ><\/div><div class=\"wpsbc-legend-item-icon-color\" ><\/div><\/div><div class=\"wpsbc-date-inner\"><span class=\"wpsbc-date-number\">2<\/span><\/div><\/div><\/td><td><div class=\"wpsbc-date wpsbc-legend-item-6   \" data-year=\"2026\" data-month=\"4\" data-day=\"3\"><div class=\"wpsbc-legend-item-icon wpsbc-legend-item-icon-6\" data-type=\"single\"><div class=\"wpsbc-legend-item-icon-color\" ><\/div><div class=\"wpsbc-legend-item-icon-color\" ><\/div><\/div><div class=\"wpsbc-date-inner\"><span class=\"wpsbc-date-number\">3<\/span><\/div><\/div><\/td><td><div class=\"wpsbc-date wpsbc-legend-item-6   \" data-year=\"2026\" data-month=\"4\" data-day=\"4\"><div class=\"wpsbc-legend-item-icon wpsbc-legend-item-icon-6\" data-type=\"single\"><div class=\"wpsbc-legend-item-icon-color\" ><\/div><div class=\"wpsbc-legend-item-icon-color\" ><\/div><\/div><div class=\"wpsbc-date-inner\"><span class=\"wpsbc-date-number\">4<\/span><\/div><\/div><\/td><td><div class=\"wpsbc-date wpsbc-legend-item-6   \" data-year=\"2026\" data-month=\"4\" data-day=\"5\"><div class=\"wpsbc-legend-item-icon wpsbc-legend-item-icon-6\" data-type=\"single\"><div class=\"wpsbc-legend-item-icon-color\" ><\/div><div class=\"wpsbc-legend-item-icon-color\" ><\/div><\/div><div class=\"wpsbc-date-inner\"><span class=\"wpsbc-date-number\">5<\/span><\/div><\/div><\/td><\/tr><tr><td><div class=\"wpsbc-date wpsbc-legend-item-6   \" data-year=\"2026\" data-month=\"4\" data-day=\"6\"><div class=\"wpsbc-legend-item-icon wpsbc-legend-item-icon-6\" data-type=\"single\"><div class=\"wpsbc-legend-item-icon-color\" ><\/div><div class=\"wpsbc-legend-item-icon-color\" ><\/div><\/div><div class=\"wpsbc-date-inner\"><span class=\"wpsbc-date-number\">6<\/span><\/div><\/div><\/td><td><div class=\"wpsbc-date wpsbc-legend-item-6   \" data-year=\"2026\" data-month=\"4\" data-day=\"7\"><div class=\"wpsbc-legend-item-icon wpsbc-legend-item-icon-6\" data-type=\"single\"><div class=\"wpsbc-legend-item-icon-color\" ><\/div><div class=\"wpsbc-legend-item-icon-color\" ><\/div><\/div><div class=\"wpsbc-date-inner\"><span class=\"wpsbc-date-number\">7<\/span><\/div><\/div><\/td><td><div class=\"wpsbc-date wpsbc-legend-item-6   \" data-year=\"2026\" data-month=\"4\" data-day=\"8\"><div class=\"wpsbc-legend-item-icon wpsbc-legend-item-icon-6\" data-type=\"single\"><div class=\"wpsbc-legend-item-icon-color\" ><\/div><div class=\"wpsbc-legend-item-icon-color\" ><\/div><\/div><div class=\"wpsbc-date-inner\"><span class=\"wpsbc-date-number\">8<\/span><\/div><\/div><\/td><td><div class=\"wpsbc-date wpsbc-legend-item-6   \" data-year=\"2026\" data-month=\"4\" data-day=\"9\"><div class=\"wpsbc-legend-item-icon wpsbc-legend-item-icon-6\" data-type=\"single\"><div class=\"wpsbc-legend-item-icon-color\" ><\/div><div class=\"wpsbc-legend-item-icon-color\" ><\/div><\/div><div class=\"wpsbc-date-inner\"><span class=\"wpsbc-date-number\">9<\/span><\/div><\/div><\/td><td><div class=\"wpsbc-date wpsbc-legend-item-6   \" data-year=\"2026\" data-month=\"4\" data-day=\"10\"><div class=\"wpsbc-legend-item-icon wpsbc-legend-item-icon-6\" data-type=\"single\"><div class=\"wpsbc-legend-item-icon-color\" ><\/div><div class=\"wpsbc-legend-item-icon-color\" ><\/div><\/div><div class=\"wpsbc-date-inner\"><span class=\"wpsbc-date-number\">10<\/span><\/div><\/div><\/td><td><div class=\"wpsbc-date wpsbc-legend-item-6   \" data-year=\"2026\" data-month=\"4\" data-day=\"11\"><div class=\"wpsbc-legend-item-icon wpsbc-legend-item-icon-6\" data-type=\"single\"><div class=\"wpsbc-legend-item-icon-color\" ><\/div><div class=\"wpsbc-legend-item-icon-color\" ><\/div><\/div><div class=\"wpsbc-date-inner\"><span class=\"wpsbc-date-number\">11<\/span><\/div><\/div><\/td><td><div class=\"wpsbc-date wpsbc-legend-item-8 wpsbc-date-today  \" data-year=\"2026\" data-month=\"4\" data-day=\"12\"><div class=\"wpsbc-legend-item-icon wpsbc-legend-item-icon-8\" data-type=\"split\"><div class=\"wpsbc-legend-item-icon-color\" ><svg height=\"100%\" width=\"100%\" viewBox=\"0 0 50 50\" preserveAspectRatio=\"none\"><polygon points=\"0,0 0,50 50,0\" \/><\/svg><\/div><div class=\"wpsbc-legend-item-icon-color\" ><svg height=\"100%\" width=\"100%\" viewBox=\"0 0 50 50\" preserveAspectRatio=\"none\"><polygon points=\"0,50 50,50 50,0\" \/><\/svg><\/div><\/div><div class=\"wpsbc-date-inner\"><span class=\"wpsbc-date-number\">12<\/span><\/div><\/div><\/td><\/tr><tr><td><div class=\"wpsbc-date wpsbc-legend-item-7   \" data-year=\"2026\" data-month=\"4\" data-day=\"13\"><div class=\"wpsbc-legend-item-icon wpsbc-legend-item-icon-7\" data-type=\"single\"><div class=\"wpsbc-legend-item-icon-color\" ><\/div><div class=\"wpsbc-legend-item-icon-color\" ><\/div><\/div><div class=\"wpsbc-date-inner\"><span class=\"wpsbc-date-number\">13<\/span><\/div><\/div><\/td><td><div class=\"wpsbc-date wpsbc-legend-item-7   \" data-year=\"2026\" data-month=\"4\" data-day=\"14\"><div class=\"wpsbc-legend-item-icon wpsbc-legend-item-icon-7\" data-type=\"single\"><div class=\"wpsbc-legend-item-icon-color\" ><\/div><div class=\"wpsbc-legend-item-icon-color\" ><\/div><\/div><div class=\"wpsbc-date-inner\"><span class=\"wpsbc-date-number\">14<\/span><\/div><\/div><\/td><td><div class=\"wpsbc-date wpsbc-legend-item-7   \" data-year=\"2026\" data-month=\"4\" data-day=\"15\"><div class=\"wpsbc-legend-item-icon wpsbc-legend-item-icon-7\" data-type=\"single\"><div class=\"wpsbc-legend-item-icon-color\" ><\/div><div class=\"wpsbc-legend-item-icon-color\" ><\/div><\/div><div class=\"wpsbc-date-inner\"><span class=\"wpsbc-date-number\">15<\/span><\/div><\/div><\/td><td><div class=\"wpsbc-date wpsbc-legend-item-7   \" data-year=\"2026\" data-month=\"4\" data-day=\"16\"><div class=\"wpsbc-legend-item-icon wpsbc-legend-item-icon-7\" data-type=\"single\"><div class=\"wpsbc-legend-item-icon-color\" ><\/div><div class=\"wpsbc-legend-item-icon-color\" ><\/div><\/div><div class=\"wpsbc-date-inner\"><span class=\"wpsbc-date-number\">16<\/span><\/div><\/div><\/td><td><div class=\"wpsbc-date wpsbc-legend-item-7   \" data-year=\"2026\" data-month=\"4\" data-day=\"17\"><div class=\"wpsbc-legend-item-icon wpsbc-legend-item-icon-7\" data-type=\"single\"><div class=\"wpsbc-legend-item-icon-color\" ><\/div><div class=\"wpsbc-legend-item-icon-color\" ><\/div><\/div><div class=\"wpsbc-date-inner\"><span class=\"wpsbc-date-number\">17<\/span><\/div><\/div><\/td><td><div class=\"wpsbc-date wpsbc-legend-item-7   \" data-year=\"2026\" data-month=\"4\" data-day=\"18\"><div class=\"wpsbc-legend-item-icon wpsbc-legend-item-icon-7\" data-type=\"single\"><div class=\"wpsbc-legend-item-icon-color\" ><\/div><div class=\"wpsbc-legend-item-icon-color\" ><\/div><\/div><div class=\"wpsbc-date-inner\"><span class=\"wpsbc-date-number\">18<\/span><\/div><\/div><\/td><td><div class=\"wpsbc-date wpsbc-legend-item-9   \" data-year=\"2026\" data-month=\"4\" data-day=\"19\"><div class=\"wpsbc-legend-item-icon wpsbc-legend-item-icon-9\" data-type=\"split\"><div class=\"wpsbc-legend-item-icon-color\" ><svg height=\"100%\" width=\"100%\" viewBox=\"0 0 50 50\" preserveAspectRatio=\"none\"><polygon points=\"0,0 0,50 50,0\" \/><\/svg><\/div><div class=\"wpsbc-legend-item-icon-color\" ><svg height=\"100%\" width=\"100%\" viewBox=\"0 0 50 50\" preserveAspectRatio=\"none\"><polygon points=\"0,50 50,50 50,0\" \/><\/svg><\/div><\/div><div class=\"wpsbc-date-inner\"><span class=\"wpsbc-date-number\">19<\/span><\/div><\/div><\/td><\/tr><tr><td><div class=\"wpsbc-date wpsbc-legend-item-6   \" data-year=\"2026\" data-month=\"4\" data-day=\"20\"><div class=\"wpsbc-legend-item-icon wpsbc-legend-item-icon-6\" data-type=\"single\"><div class=\"wpsbc-legend-item-icon-color\" ><\/div><div class=\"wpsbc-legend-item-icon-color\" ><\/div><\/div><div class=\"wpsbc-date-inner\"><span class=\"wpsbc-date-number\">20<\/span><\/div><\/div><\/td><td><div class=\"wpsbc-date wpsbc-legend-item-6   \" data-year=\"2026\" data-month=\"4\" data-day=\"21\"><div class=\"wpsbc-legend-item-icon wpsbc-legend-item-icon-6\" data-type=\"single\"><div class=\"wpsbc-legend-item-icon-color\" ><\/div><div class=\"wpsbc-legend-item-icon-color\" ><\/div><\/div><div class=\"wpsbc-date-inner\"><span class=\"wpsbc-date-number\">21<\/span><\/div><\/div><\/td><td><div class=\"wpsbc-date wpsbc-legend-item-6   \" data-year=\"2026\" data-month=\"4\" data-day=\"22\"><div class=\"wpsbc-legend-item-icon wpsbc-legend-item-icon-6\" data-type=\"single\"><div class=\"wpsbc-legend-item-icon-color\" ><\/div><div class=\"wpsbc-legend-item-icon-color\" ><\/div><\/div><div class=\"wpsbc-date-inner\"><span class=\"wpsbc-date-number\">22<\/span><\/div><\/div><\/td><td><div class=\"wpsbc-date wpsbc-legend-item-6   \" data-year=\"2026\" data-month=\"4\" data-day=\"23\"><div class=\"wpsbc-legend-item-icon wpsbc-legend-item-icon-6\" data-type=\"single\"><div class=\"wpsbc-legend-item-icon-color\" ><\/div><div class=\"wpsbc-legend-item-icon-color\" ><\/div><\/div><div class=\"wpsbc-date-inner\"><span class=\"wpsbc-date-number\">23<\/span><\/div><\/div><\/td><td><div class=\"wpsbc-date wpsbc-legend-item-6   \" data-year=\"2026\" data-month=\"4\" data-day=\"24\"><div class=\"wpsbc-legend-item-icon wpsbc-legend-item-icon-6\" data-type=\"single\"><div class=\"wpsbc-legend-item-icon-color\" ><\/div><div class=\"wpsbc-legend-item-icon-color\" ><\/div><\/div><div class=\"wpsbc-date-inner\"><span class=\"wpsbc-date-number\">24<\/span><\/div><\/div><\/td><td><div class=\"wpsbc-date wpsbc-legend-item-6   \" data-year=\"2026\" data-month=\"4\" data-day=\"25\"><div class=\"wpsbc-legend-item-icon wpsbc-legend-item-icon-6\" data-type=\"single\"><div class=\"wpsbc-legend-item-icon-color\" ><\/div><div class=\"wpsbc-legend-item-icon-color\" ><\/div><\/div><div class=\"wpsbc-date-inner\"><span class=\"wpsbc-date-number\">25<\/span><\/div><\/div><\/td><td><div class=\"wpsbc-date wpsbc-legend-item-6   \" data-year=\"2026\" data-month=\"4\" data-day=\"26\"><div class=\"wpsbc-legend-item-icon wpsbc-legend-item-icon-6\" data-type=\"single\"><div class=\"wpsbc-legend-item-icon-color\" ><\/div><div class=\"wpsbc-legend-item-icon-color\" ><\/div><\/div><div class=\"wpsbc-date-inner\"><span class=\"wpsbc-date-number\">26<\/span><\/div><\/div><\/td><\/tr><tr><td><div class=\"wpsbc-date wpsbc-legend-item-6   \" data-year=\"2026\" data-month=\"4\" data-day=\"27\"><div class=\"wpsbc-legend-item-icon wpsbc-legend-item-icon-6\" data-type=\"single\"><div class=\"wpsbc-legend-item-icon-color\" ><\/div><div class=\"wpsbc-legend-item-icon-color\" ><\/div><\/div><div class=\"wpsbc-date-inner\"><span class=\"wpsbc-date-number\">27<\/span><\/div><\/div><\/td><td><div class=\"wpsbc-date wpsbc-legend-item-6   \" data-year=\"2026\" data-month=\"4\" data-day=\"28\"><div class=\"wpsbc-legend-item-icon wpsbc-legend-item-icon-6\" data-type=\"single\"><div class=\"wpsbc-legend-item-icon-color\" ><\/div><div class=\"wpsbc-legend-item-icon-color\" ><\/div><\/div><div class=\"wpsbc-date-inner\"><span class=\"wpsbc-date-number\">28<\/span><\/div><\/div><\/td><td><div class=\"wpsbc-date wpsbc-legend-item-6   \" data-year=\"2026\" data-month=\"4\" data-day=\"29\"><div class=\"wpsbc-legend-item-icon wpsbc-legend-item-icon-6\" data-type=\"single\"><div class=\"wpsbc-legend-item-icon-color\" ><\/div><div class=\"wpsbc-legend-item-icon-color\" ><\/div><\/div><div class=\"wpsbc-date-inner\"><span class=\"wpsbc-date-number\">29<\/span><\/div><\/div><\/td><td><div class=\"wpsbc-date wpsbc-legend-item-6   \" data-year=\"2026\" data-month=\"4\" data-day=\"30\"><div class=\"wpsbc-legend-item-icon wpsbc-legend-item-icon-6\" data-type=\"single\"><div class=\"wpsbc-legend-item-icon-color\" ><\/div><div class=\"wpsbc-legend-item-icon-color\" ><\/div><\/div><div class=\"wpsbc-date-inner\"><span class=\"wpsbc-date-number\">30<\/span><\/div><\/div><\/td><td><div class=\"wpsbc-date   wpsbc-gap \" ><div class=\"wpsbc-date-inner\"><\/div><\/div><\/td><td><div class=\"wpsbc-date   wpsbc-gap \" ><div class=\"wpsbc-date-inner\"><\/div><\/div><\/td><td><div class=\"wpsbc-date   wpsbc-gap \" ><div class=\"wpsbc-date-inner\"><\/div><\/div><\/td><\/tr><\/tbody><\/table><\/div><\/div><\/div><\/div><style>.wpsbc-container.wpsbc-calendar-2 .wpsbc-legend-item-icon-6 div:first-of-type { background-color: #ddffcc !important; }.wpsbc-container.wpsbc-calendar-2 .wpsbc-legend-item-icon-6 div:nth-of-type(2) { background-color: transparent !important; }.wpsbc-container.wpsbc-calendar-2 .wpsbc-legend-item-icon-6 div:first-of-type svg { fill: #ddffcc !important; }.wpsbc-container.wpsbc-calendar-2 .wpsbc-legend-item-icon-6 div:nth-of-type(2) svg { fill: transparent !important; }.wpsbc-ical-changeover .wpsbc-legend-item-icon:after {background-color: #ddffcc;}.wpsbc-container.wpsbc-calendar-2 .wpsbc-legend-item-icon-7 div:first-of-type { background-color: #ffc0bd !important; }.wpsbc-container.wpsbc-calendar-2 .wpsbc-legend-item-icon-7 div:nth-of-type(2) { background-color: transparent !important; }.wpsbc-container.wpsbc-calendar-2 .wpsbc-legend-item-icon-7 div:first-of-type svg { fill: #ffc0bd !important; }.wpsbc-container.wpsbc-calendar-2 .wpsbc-legend-item-icon-7 div:nth-of-type(2) svg { fill: transparent !important; }.wpsbc-container.wpsbc-calendar-2 .wpsbc-legend-item-icon-8 div:first-of-type { background-color: #ddffcc !important; }.wpsbc-container.wpsbc-calendar-2 .wpsbc-legend-item-icon-8 div:nth-of-type(2) { background-color: #ffc0bd !important; }.wpsbc-container.wpsbc-calendar-2 .wpsbc-legend-item-icon-8 div:first-of-type svg { fill: #ddffcc !important; }.wpsbc-container.wpsbc-calendar-2 .wpsbc-legend-item-icon-8 div:nth-of-type(2) svg { fill: #ffc0bd !important; }.wpsbc-container.wpsbc-calendar-2 .wpsbc-legend-item-icon-9 div:first-of-type { background-color: #ffc0bd !important; }.wpsbc-container.wpsbc-calendar-2 .wpsbc-legend-item-icon-9 div:nth-of-type(2) { background-color: #ddffcc !important; }.wpsbc-container.wpsbc-calendar-2 .wpsbc-legend-item-icon-9 div:first-of-type svg { fill: #ffc0bd !important; }.wpsbc-container.wpsbc-calendar-2 .wpsbc-legend-item-icon-9 div:nth-of-type(2) svg { fill: #ddffcc !important; }.wpsbc-container.wpsbc-calendar-2 .wpsbc-legend-item-icon-15 div:first-of-type { background-color: #fee2a0 !important; }.wpsbc-container.wpsbc-calendar-2 .wpsbc-legend-item-icon-15 div:nth-of-type(2) { background-color: transparent !important; }.wpsbc-container.wpsbc-calendar-2 .wpsbc-legend-item-icon-15 div:first-of-type svg { fill: #fee2a0 !important; }.wpsbc-container.wpsbc-calendar-2 .wpsbc-legend-item-icon-15 div:nth-of-type(2) svg { fill: transparent !important; }.wpsbc-container.wpsbc-calendar-2 .wpsbc-date-today .wpsbc-legend-item-icon { border: 4px solid rgba( 33,150,243, .9 ) !important; }.wpsbc-container.wpsbc-calendar-2 .wpsbc-legend-item-icon-0 div:first-of-type { background-color: #e1e1e1 !important; }<\/style><div class=\"wpsbc-container-loaded\" data-just-loaded=\"1\"><\/div><\/div>\n<\/div>\n<div><\/div>\n<div>\n<\/div><\/div><\/div><\/div><\/div>\n   <div class=\"container-fluid\">\n   <div class=\"col-md-12\" style=\"padding: 10px;\">\n\t<div class=\"row grid\"><div class=\"col-lg-4 col-md-6 col-sm-12 col-xs-12 grid-item\" style=\"padding: 5px;\"><img decoding=\"async\" src=\"https:\/\/fausto-fadda.de\/wp-content\/uploads\/img_4844-preview.jpg\" style=\"width: 100%; height: auto;\"><\/div><div class=\"col-lg-4 col-md-6 col-sm-12 col-xs-12 grid-item\" style=\"padding: 5px;\"><img decoding=\"async\" src=\"https:\/\/fausto-fadda.de\/wp-content\/uploads\/img_4642-768x1024.jpg\" style=\"width: 100%; height: auto;\"><\/div><div class=\"col-lg-4 col-md-6 col-sm-12 col-xs-12 grid-item\" style=\"padding: 5px;\"><img decoding=\"async\" src=\"https:\/\/fausto-fadda.de\/wp-content\/uploads\/9f83d74a-ce59-4a08-aee0-a7476960c75c-1100x825.jpeg\" style=\"width: 100%; height: auto;\"><\/div><div class=\"col-lg-4 col-md-6 col-sm-12 col-xs-12 grid-item\" style=\"padding: 5px;\"><img decoding=\"async\" src=\"https:\/\/fausto-fadda.de\/wp-content\/uploads\/53a5460b-499b-4f56-b523-ea0b204c404e-1100x825.jpeg\" style=\"width: 100%; height: auto;\"><\/div><div class=\"col-lg-4 col-md-6 col-sm-12 col-xs-12 grid-item\" style=\"padding: 5px;\"><img decoding=\"async\" src=\"https:\/\/fausto-fadda.de\/wp-content\/uploads\/img_4641-768x1024.jpg\" style=\"width: 100%; height: auto;\"><\/div><div class=\"col-lg-4 col-md-6 col-sm-12 col-xs-12 grid-item\" style=\"padding: 5px;\"><img decoding=\"async\" src=\"https:\/\/fausto-fadda.de\/wp-content\/uploads\/6ac70276-1fee-4d66-8ba3-645d94843197-1100x825.jpeg\" style=\"width: 100%; height: auto;\"><\/div><div class=\"col-lg-4 col-md-6 col-sm-12 col-xs-12 grid-item\" style=\"padding: 5px;\"><img decoding=\"async\" src=\"https:\/\/fausto-fadda.de\/wp-content\/uploads\/2e25fd8a-bf78-48d9-af22-131bf8f9b7e2-1100x825.jpeg\" style=\"width: 100%; height: auto;\"><\/div><\/div><\/div><\/div>\n    \n    <div class=\"wrapper\">\n<div class=\"container-fluid\">\n\n<p><a href=\"https:\/\/fausto-fadda.de\/urlaub-auf-sardinien\/debuchungsbedingungen-loculienbooking-conditions-loculi\/\">Condizioni di prenotazione<\/a><\/p>\n<\/div>\n<p><\/p>","protected":false},"excerpt":{"rendered":"<p>Stanza Melograno I.U.N. F3785 C.I.N.: IT091040B4000F3785 Di circa 20 mq con proprio bagno interno (nel bagno \u00e8 presente anche la finestra) Letto matrimoniale 160 x 200 cm Poltrona apribile 70 x 190 cm per 1 bambino Armadio Sedia pi\u00f9 tavolino Doccia con parete in vetro Lavabo, bidet e wc Fono Aria condizionata fredda e calda [&hellip;]<\/p>\n","protected":false},"author":1,"featured_media":2092,"parent":1871,"menu_order":0,"comment_status":"closed","ping_status":"closed","template":"","meta":{"_acf_changed":false,"sticky_value_cpt":false,"footnotes":""},"class_list":["post-1876","page","type-page","status-publish","has-post-thumbnail","hentry"],"acf":[],"_links":{"self":[{"href":"https:\/\/fausto-fadda.de\/it\/wp-json\/wp\/v2\/pages\/1876","targetHints":{"allow":["GET"]}}],"collection":[{"href":"https:\/\/fausto-fadda.de\/it\/wp-json\/wp\/v2\/pages"}],"about":[{"href":"https:\/\/fausto-fadda.de\/it\/wp-json\/wp\/v2\/types\/page"}],"author":[{"embeddable":true,"href":"https:\/\/fausto-fadda.de\/it\/wp-json\/wp\/v2\/users\/1"}],"replies":[{"embeddable":true,"href":"https:\/\/fausto-fadda.de\/it\/wp-json\/wp\/v2\/comments?post=1876"}],"version-history":[{"count":0,"href":"https:\/\/fausto-fadda.de\/it\/wp-json\/wp\/v2\/pages\/1876\/revisions"}],"up":[{"embeddable":true,"href":"https:\/\/fausto-fadda.de\/it\/wp-json\/wp\/v2\/pages\/1871"}],"wp:featuredmedia":[{"embeddable":true,"href":"https:\/\/fausto-fadda.de\/it\/wp-json\/wp\/v2\/media\/2092"}],"wp:attachment":[{"href":"https:\/\/fausto-fadda.de\/it\/wp-json\/wp\/v2\/media?parent=1876"}],"curies":[{"name":"wp","href":"https:\/\/api.w.org\/{rel}","templated":true}]}}