{"id":2006,"date":"2025-05-15T08:42:23","date_gmt":"2025-05-15T06:42:23","guid":{"rendered":"https:\/\/fausto-fadda.de\/?page_id=2006"},"modified":"2025-08-09T09:48:52","modified_gmt":"2025-08-09T07:48:52","slug":"debuchungsbedingungen-loculienbooking-conditions-loculi","status":"publish","type":"page","link":"https:\/\/fausto-fadda.de\/it\/urlaub-auf-sardinien\/debuchungsbedingungen-loculienbooking-conditions-loculi\/","title":{"rendered":"Condizioni di prenotazione"},"content":{"rendered":"<p><strong>Inchiesta<\/strong><br \/>\n1. Ci invii una richiesta<br \/>\nSe sei interessato ad un appartamento per le vacanze, \u00e8 meglio utilizzare i nostri contatti. Saremo lieti di rispondere alle vostre domande, verificare la disponibilit\u00e0 e inviarvi un&#8217;offerta con tutti i prezzi. L&#8217;appartamento vacanza pu\u00f2 essere prenotato senza impegno per 5 giorni, cos\u00ec avete abbastanza tempo per decidere.<br \/>\nIn ogni caso la tua richiesta non \u00e8 vincolante finch\u00e9 non prenoti espressamente.<\/p>\n<p><strong>Prenotazione<\/strong><br \/>\n2. Effettuate una prenotazione vincolante<br \/>\nSe desideri effettuare una prenotazione vincolante, ti invieremo una conferma di prenotazione.<br \/>\nSe decidete diversamente dopo aver ricevuto la conferma della prenotazione, vi preghiamo di comunicarcelo immediatamente affinch\u00e9 la prenotazione possa essere annullata.<\/p>\n<p><strong>Acconto<\/strong><br \/>\n3. Trasferisci il deposito<br \/>\nOra trasferisci l&#8217;importo del deposito pari al 30% dell&#8217;importo totale sul conto specificato entro 7 giorni. Trasferendo il deposito hai effettuato una prenotazione vincolante per la propriet\u00e0.<\/p>\n<p><strong>Pagamento finale<\/strong><br \/>\nSi prega di trasferire l&#8217;intero importo rimanente 14 giorni prima dell&#8217;arrivo<br \/>\nSi prega di tenere pronti i contanti per eventuali extra.<br \/>\nI trasferimenti dei pagamenti rimanenti devono essere effettuati prima del giorno di arrivo.<br \/>\nL&#8217;importo dovr\u00e0 essere accreditato sul conto al momento della consegna delle chiavi, pena il rifiuto dell&#8217;accesso all&#8217;immobile.<\/p>\n<p><strong>Cancellazione<\/strong><br \/>\n<strong>Maggiori informazioni<\/strong><br \/>\n5. Cancellazione della prenotazione<br \/>\nLa prenotazione pu\u00f2 essere cancellata gratuitamente fino a 14 giorni prima dell&#8217;arrivo, la data \u00e8 indicata nella conferma della prenotazione. A partire da 14 giorni prima dell&#8217;arrivo non \u00e8 possibile la restituzione della caparra. Consigliamo di stipulare un&#8217;assicurazione privata per l&#8217;annullamento del viaggio.<\/p>\n<p><strong>Arrivo\/partenza<\/strong><br \/>\n<strong>Regolare<\/strong><br \/>\nSi prega di notare che gli arrivi avvengono tra le 16:00 \u00a0e le 20:00<br \/>\nIn caso di partenza \u00e8 necessario lasciare sempre la struttura entro e non oltre le ore 10:00.<br \/>\nSe desiderate orari diversi, discutetene con noi prima dell&#8217;arrivo.<br \/>\nSe sei in ritardo o l&#8217;orario di arrivo cambia inaspettatamente,<br \/>\nper favore fatecelo sapere immediatamente.<br \/>\nSe arrivate prima e la camera non \u00e8 ancora disponibile, potete lasciare i bagagli.<br \/>\nParcheggi gratuiti sono disponibili direttamente davanti alla porta o sulla strada raggiungibile a piedi<br \/>\nIn caso di sovraffollamento, compreso un pernottamento aggiuntivo di breve durata, dobbiamo essere avvisati e potrebbe essere dovuto un supplemento corrispondente.<br \/>\n\u200bNon \u00e8 possibile subaffittare o riaffittare.<br \/>\nNessuna festa o addio al nubilato, silenzio tra le 23:00 \u00a0e le 8 del mattino<br \/>\nNon \u00e8 consentito fumare nelle camere e nelle aree comuni<br \/>\nGli animali non sono ammessi.<br \/>\nCucina<br \/>\nNella cucina in comune sono presenti contenitori contrassegnati con le stanze dove potrete conservare il vostro cibo o metterlo in frigorifero.<br \/>\nLa terrazza e il giardino possono essere utilizzati se sono presenti bambini piccoli e bambini, assicuratevi che non salgano sulla terrazza da soli.<br \/>\nCi sono zanzariere in quasi tutte le aree, assicuratevi di tenerle e le porte chiuse per evitare mosche e zanzare in modo da trascorrere una notte tranquilla.<br \/>\nSi prega di spegnere sempre l&#8217;aria condizionata prima di lasciare l&#8217;appartamento.<br \/>\nSe desideri utilizzare verdure, frutta o erbe aromatiche dell&#8217;orto, sei il benvenuto.<br \/>\nLasciare l&#8217;appartamento pulito e in ordine.<br \/>\nGli utensili da cucina e da mangiare devono essere lavati e il frigorifero vuoto.<br \/>\nL&#8217;intero arredamento dell&#8217;appartamento per le vacanze deve essere nelle stesse condizioni,<br \/>\nche hai trovato anche quando ti sei trasferito. Per favore, non lasciare cibo dietro<br \/>\nSe desideri lasciare avanzi e cibo non aperto, ti preghiamo di discuterne con noi prima della partenza. I letti devono essere spogliati. Si prega di lasciare la biancheria da letto e gli asciugamani ordinatamente sul pavimento. Si prega di non lasciare rifiuti nell&#8217;appartamento.<\/p>\n<p>L&#8217;appartamento affittato pu\u00f2 essere occupato solo dal numero di persone indicato nella conferma della prenotazione. Salvo diverso accordo.<\/p>\n<p>C&#8217;\u00e8 una doccia esterna.<br \/>\nSu richiesta \u00e8 possibile utilizzare la lavatrice.<br \/>\nL&#8217;acqua proviene dal nostro pozzo, per la doccia ecc.<br \/>\nNella nostra zona \u00e8 presente un rubinetto esterno per riempirsi di acqua potabile, cos\u00ec puoi aiutarci a ridurre la plastica.<br \/>\nSono disponibili bottiglie da riempire, potete prendere in prestito borracce versando una cauzione di 15 euro, si prega di pagare in contanti, la cauzione vi verr\u00e0 restituita alla fine della vacanza.<br \/>\nGeneriamo elettricit\u00e0 utilizzando un sistema solare sul tetto.<\/p>\n<p>Vi auguriamo una meravigliosa e rilassante vacanza a Domo Fadda<\/p>\n<p>&nbsp;<\/p>\n<p>&nbsp;<\/p>","protected":false},"excerpt":{"rendered":"<p>Inchiesta 1. Ci invii una richiesta Se sei interessato ad un appartamento per le vacanze, \u00e8 meglio utilizzare i nostri contatti. Saremo lieti di rispondere alle vostre domande, verificare la disponibilit\u00e0 e inviarvi un&#8217;offerta con tutti i prezzi. L&#8217;appartamento vacanza pu\u00f2 essere prenotato senza impegno per 5 giorni, cos\u00ec avete abbastanza tempo per decidere. In [&hellip;]<\/p>\n","protected":false},"author":1,"featured_media":1942,"parent":1871,"menu_order":0,"comment_status":"closed","ping_status":"closed","template":"","meta":{"_acf_changed":false,"sticky_value_cpt":false,"footnotes":""},"class_list":["post-2006","page","type-page","status-publish","has-post-thumbnail","hentry"],"acf":[],"_links":{"self":[{"href":"https:\/\/fausto-fadda.de\/it\/wp-json\/wp\/v2\/pages\/2006","targetHints":{"allow":["GET"]}}],"collection":[{"href":"https:\/\/fausto-fadda.de\/it\/wp-json\/wp\/v2\/pages"}],"about":[{"href":"https:\/\/fausto-fadda.de\/it\/wp-json\/wp\/v2\/types\/page"}],"author":[{"embeddable":true,"href":"https:\/\/fausto-fadda.de\/it\/wp-json\/wp\/v2\/users\/1"}],"replies":[{"embeddable":true,"href":"https:\/\/fausto-fadda.de\/it\/wp-json\/wp\/v2\/comments?post=2006"}],"version-history":[{"count":0,"href":"https:\/\/fausto-fadda.de\/it\/wp-json\/wp\/v2\/pages\/2006\/revisions"}],"up":[{"embeddable":true,"href":"https:\/\/fausto-fadda.de\/it\/wp-json\/wp\/v2\/pages\/1871"}],"wp:featuredmedia":[{"embeddable":true,"href":"https:\/\/fausto-fadda.de\/it\/wp-json\/wp\/v2\/media\/1942"}],"wp:attachment":[{"href":"https:\/\/fausto-fadda.de\/it\/wp-json\/wp\/v2\/media?parent=2006"}],"curies":[{"name":"wp","href":"https:\/\/api.w.org\/{rel}","templated":true}]}}