{"id":8,"date":"2012-09-27T11:27:52","date_gmt":"2012-09-27T09:27:52","guid":{"rendered":"http:\/\/neu.fausto-fadda.de\/neu\/?page_id=8"},"modified":"2017-06-28T11:04:21","modified_gmt":"2017-06-28T09:04:21","slug":"weinproben","status":"publish","type":"page","link":"https:\/\/fausto-fadda.de\/it\/weinproben\/","title":{"rendered":"Weinproben"},"content":{"rendered":"<p>Kennen Sie schon die wunderbaren Weine Sardiniens?<br \/>\nDie sardischen Weine \u00fcberzeugen mit ihrem ausgepr\u00e4gten Charakter durch die von der Sonne verw\u00f6hnten Trauben und geh\u00f6ren f\u00fcr Weinliebhaber zu den Geheimfavoriten. Aber \u00fcberzeugen Sie sich Selbst!<\/p>\n<p>Wir bieten die Weine nicht nur im Laden zum Verkauf an, sondern stellen sie Ihnen auch gerne ausf\u00fchrlich bei einer Weinprobe vor. \u00a0Diese k\u00f6nnen Sie z.B: in Verbindung mit einem k\u00f6stlichen Men\u00fc an einer sch\u00f6nen Tafel f\u00fcr 10 bis 15 Personen, oder f\u00fcr bis zu 25 Personen in lockerer Runde mit sardischem Buffet in unserem Ladengesch\u00e4ft buchen. Viele unserer G\u00e4ste haben so schon ihre Geburtstags-, Gesch\u00e4fts oder auch Weihnachtsfeiern bei uns verbracht.<\/p>\n<p><a title=\"Kontakt\" href=\"http:\/\/neu.fausto-fadda.de\/neu\/kontakt\/\">Sprechen Sie uns an!<\/a><\/p>\n","protected":false},"excerpt":{"rendered":"<p>Kennen Sie schon die wunderbaren Weine Sardiniens?<\/p>\n","protected":false},"author":1,"featured_media":1113,"parent":0,"menu_order":4,"comment_status":"open","ping_status":"open","template":"","meta":{"_acf_changed":false,"sticky_value_cpt":false,"footnotes":""},"class_list":["post-8","page","type-page","status-publish","has-post-thumbnail","hentry"],"acf":[],"_links":{"self":[{"href":"https:\/\/fausto-fadda.de\/it\/wp-json\/wp\/v2\/pages\/8","targetHints":{"allow":["GET"]}}],"collection":[{"href":"https:\/\/fausto-fadda.de\/it\/wp-json\/wp\/v2\/pages"}],"about":[{"href":"https:\/\/fausto-fadda.de\/it\/wp-json\/wp\/v2\/types\/page"}],"author":[{"embeddable":true,"href":"https:\/\/fausto-fadda.de\/it\/wp-json\/wp\/v2\/users\/1"}],"replies":[{"embeddable":true,"href":"https:\/\/fausto-fadda.de\/it\/wp-json\/wp\/v2\/comments?post=8"}],"version-history":[{"count":0,"href":"https:\/\/fausto-fadda.de\/it\/wp-json\/wp\/v2\/pages\/8\/revisions"}],"wp:featuredmedia":[{"embeddable":true,"href":"https:\/\/fausto-fadda.de\/it\/wp-json\/wp\/v2\/media\/1113"}],"wp:attachment":[{"href":"https:\/\/fausto-fadda.de\/it\/wp-json\/wp\/v2\/media?parent=8"}],"curies":[{"name":"wp","href":"https:\/\/api.w.org\/{rel}","templated":true}]}}